{"id":1593,"date":"2021-11-01T09:54:40","date_gmt":"2021-11-01T08:54:40","guid":{"rendered":"http:\/\/ususi.vrankova-devel.cz\/subdom\/ususi\/?page_id=1593"},"modified":"2021-11-01T09:57:34","modified_gmt":"2021-11-01T08:57:34","slug":"krizove-situace","status":"publish","type":"page","link":"https:\/\/ususi.vrankova-devel.cz\/subdom\/ususi\/krizove-situace\/","title":{"rendered":"Krizov\u00e9 situace"},"content":{"rendered":"<h2><a href=\"https:\/\/www.krizport.cz\/\">Informace o port\u00e1lu KRIZPORT<\/a><\/h2>\n<p>Port\u00e1l <a href=\"https:\/\/www.krizport.cz\/\">KRIZPORT<\/a> je ve\u0159ejn\u00fdm port\u00e1lem krizov\u00e9ho \u0159\u00edzen\u00ed v Jihomoravsk\u00e9m kraji, jeho\u017e c\u00edlem je p\u0159in\u00e1\u0161et ve\u0159ejnosti i odborn\u00edk\u016fm v\u011brohodn\u00e9 a aktu\u00e1ln\u00ed informace z oblasti p\u0159\u00edpravy a \u0159e\u0161en\u00ed mimo\u0159\u00e1dn\u00fdch<br \/>\nud\u00e1lost\u00ed a krizov\u00fdch situac\u00ed v kraji.<\/p>\n<p>Port\u00e1l se skl\u00e1d\u00e1:<\/p>\n<ul>\n<li>z ve\u0159ejn\u00e9 sekce (p\u0159\u00edstup pro ka\u017ed\u00e9ho u\u017eivatele internetu)<\/li>\n<li>neve\u0159ejn\u00e9 sekce (p\u0159\u00edstup jen pro vybran\u00e9 u\u017eivatele)<\/li>\n<\/ul>\n<p>Port\u00e1l provozuje Hasi\u010dsk\u00fd z\u00e1chrann\u00fd sbor JmK.<\/p>\n<p><a href=\"https:\/\/www.krizport.cz\/\"><img loading=\"lazy\" decoding=\"async\" class=\"alignnone wp-image-1597 size-full\" src=\"http:\/\/ususi.vrankova-devel.cz\/subdom\/ususi\/wp-content\/uploads\/2021\/11\/krizport-logo_tiny.png\" alt=\"Port\u00e1l KRIZPORT\" width=\"500\" height=\"151\" srcset=\"https:\/\/ususi.vrankova-devel.cz\/subdom\/ususi\/wp-content\/uploads\/2021\/11\/krizport-logo_tiny.png 500w, https:\/\/ususi.vrankova-devel.cz\/subdom\/ususi\/wp-content\/uploads\/2021\/11\/krizport-logo_tiny-300x91.png 300w\" sizes=\"(max-width: 500px) 100vw, 500px\" \/><\/a><\/p>\n<h2><a href=\"https:\/\/www.krizport.cz\/rady\/chytre-blondynky-radi\">Va\u0161e cesty k bezpe\u010d\u00ed aneb Chytr\u00e9 blond\u00fdny rad\u00ed<\/a><\/h2>\n<p>je informa\u010dn\u011b vzd\u011bl\u00e1vac\u00ed projekt:<\/p>\n<ul>\n<li>Hasi\u010dsk\u00e9ho z\u00e1chrann\u00e9ho sboru Jihomoravsk\u00e9ho kraje<\/li>\n<li>Krajsk\u00e9ho \u0159editelstv\u00ed policie Jihomoravsk\u00e9ho kraje<\/li>\n<li>Zdravotnick\u00e9 z\u00e1chrann\u00e9 slu\u017eby Jihomoravsk\u00e9ho kraje, p. o.<\/li>\n<\/ul>\n<p>Projekt obsahuje <a href=\"https:\/\/www.krizport.cz\/rady\/chytre-blondynky-radi\">rady a tipy \u201echytr\u00fdch blond\u00fdnek\u201c<\/a> jak se chovat, kdy\u017e hroz\u00ed nebo ji\u017e nastala mimo\u0159\u00e1dn\u00e1 ud\u00e1lost a nebo je ohro\u017eena Va\u0161e bezpe\u010dnost.<\/p>\n<p>Naleznete zde, jak spr\u00e1vn\u011b postupovat p\u0159i b\u011b\u017en\u00fdch druz\u00edch ohro\u017een\u00ed, v\u010detn\u011b ohro\u017een\u00ed Va\u0161\u00ed bezpe\u010dnosti \u010di Va\u0161eho majetku. Naleznete zde celkem 67 t\u00e9mat p\u0159ehledn\u011b rozd\u011blen\u00fdch do 17 kapitol. Ve\u0161ker\u00e9 materi\u00e1ly si zde m\u016f\u017eete st\u00e1hnout a vyu\u017e\u00edt je pro Va\u0161i p\u0159ipravenost na dan\u00e1 ohro\u017een\u00ed. Tyto materi\u00e1ly je tak\u00e9 mo\u017en\u00e9 vyu\u017e\u00edt pro dal\u0161\u00ed vzd\u011bl\u00e1v\u00e1n\u00ed (v\u00fduka ve \u0161kol\u00e1ch, p\u0159edn\u00e1\u0161ky apod.).<\/p>\n<p>Bez souhlasu Hasi\u010dsk\u00e9ho z\u00e1chrann\u00e9ho sboru JmK nen\u00ed povoleno texty, obr\u00e1zky a fotografie upravovat nebo pou\u017e\u00edvat v jin\u00e9m kontextu ne\u017e je smyslem materi\u00e1lu tohoto projektu.<\/p>\n<p><a href=\"https:\/\/www.krizport.cz\/rady\/chytre-blondynky-radi\"><img loading=\"lazy\" decoding=\"async\" class=\"alignnone wp-image-1596 size-full\" src=\"http:\/\/ususi.vrankova-devel.cz\/subdom\/ususi\/wp-content\/uploads\/2021\/11\/blondyny_tiny.jpg\" alt=\"Informa\u010dn\u00ed projekt Chytr\u00e9 blond\u00fdny\" width=\"500\" height=\"193\" srcset=\"https:\/\/ususi.vrankova-devel.cz\/subdom\/ususi\/wp-content\/uploads\/2021\/11\/blondyny_tiny.jpg 500w, https:\/\/ususi.vrankova-devel.cz\/subdom\/ususi\/wp-content\/uploads\/2021\/11\/blondyny_tiny-300x116.jpg 300w\" sizes=\"(max-width: 500px) 100vw, 500px\" \/><\/a><\/p>\n","protected":false},"excerpt":{"rendered":"<p>Informace o port\u00e1lu KRIZPORT Port\u00e1l KRIZPORT je ve\u0159ejn\u00fdm port\u00e1lem krizov\u00e9ho \u0159\u00edzen\u00ed v Jihomoravsk\u00e9m kraji, jeho\u017e c\u00edlem je p\u0159in\u00e1\u0161et ve\u0159ejnosti i odborn\u00edk\u016fm v\u011brohodn\u00e9 a aktu\u00e1ln\u00ed informace z oblasti p\u0159\u00edpravy a \u0159e\u0161en\u00ed mimo\u0159\u00e1dn\u00fdch ud\u00e1lost\u00ed a krizov\u00fdch situac\u00ed v kraji. Port\u00e1l se skl\u00e1d\u00e1:<a class=\"read-more\" href=\"https:\/\/ususi.vrankova-devel.cz\/subdom\/ususi\/krizove-situace\/\">&#8230;&nbsp;\u010d\u00edst v\u00edce<\/a><\/p>\n","protected":false},"author":1,"featured_media":0,"parent":0,"menu_order":0,"comment_status":"closed","ping_status":"closed","template":"","meta":{"footnotes":""},"class_list":["post-1593","page","type-page","status-publish","hentry"],"_links":{"self":[{"href":"https:\/\/ususi.vrankova-devel.cz\/subdom\/ususi\/wp-json\/wp\/v2\/pages\/1593"}],"collection":[{"href":"https:\/\/ususi.vrankova-devel.cz\/subdom\/ususi\/wp-json\/wp\/v2\/pages"}],"about":[{"href":"https:\/\/ususi.vrankova-devel.cz\/subdom\/ususi\/wp-json\/wp\/v2\/types\/page"}],"author":[{"embeddable":true,"href":"https:\/\/ususi.vrankova-devel.cz\/subdom\/ususi\/wp-json\/wp\/v2\/users\/1"}],"replies":[{"embeddable":true,"href":"https:\/\/ususi.vrankova-devel.cz\/subdom\/ususi\/wp-json\/wp\/v2\/comments?post=1593"}],"version-history":[{"count":5,"href":"https:\/\/ususi.vrankova-devel.cz\/subdom\/ususi\/wp-json\/wp\/v2\/pages\/1593\/revisions"}],"predecessor-version":[{"id":1601,"href":"https:\/\/ususi.vrankova-devel.cz\/subdom\/ususi\/wp-json\/wp\/v2\/pages\/1593\/revisions\/1601"}],"wp:attachment":[{"href":"https:\/\/ususi.vrankova-devel.cz\/subdom\/ususi\/wp-json\/wp\/v2\/media?parent=1593"}],"curies":[{"name":"wp","href":"https:\/\/api.w.org\/{rel}","templated":true}]}}