{"id":40,"date":"2016-06-08T21:14:40","date_gmt":"2016-06-08T20:14:40","guid":{"rendered":"http:\/\/ususi.vrankova-devel.cz\/subdom\/ususi\/?page_id=40"},"modified":"2022-03-07T13:17:21","modified_gmt":"2022-03-07T12:17:21","slug":"prohlaseni-o-pristupnosti","status":"publish","type":"page","link":"https:\/\/ususi.vrankova-devel.cz\/subdom\/ususi\/prohlaseni-o-pristupnosti\/","title":{"rendered":"Prohl\u00e1\u0161en\u00ed o p\u0159\u00edstupnosti"},"content":{"rendered":"<div id=\"block-system-main\">\n<p>Obec \u00dasu\u0161\u00ed se zavazuje ke zp\u0159\u00edstupn\u011bn\u00ed obsahu sv\u00fdch internetov\u00fdch str\u00e1nek v souladu se z\u00e1konem \u010d. 99\/2019 Sb., o p\u0159\u00edstupnosti internetov\u00fdch str\u00e1nek a mobiln\u00edch aplikac\u00ed a o zm\u011bn\u011b z\u00e1kona \u010d. 365\/2000 Sb., o informa\u010dn\u00edch syst\u00e9mech ve\u0159ejn\u00e9 spr\u00e1vy a o zm\u011bn\u011b n\u011bkter\u00fdch dal\u0161\u00edch z\u00e1kon\u016f, ve zn\u011bn\u00ed pozd\u011bj\u0161\u00edch p\u0159edpis\u016f, kter\u00e9 prov\u00e1d\u011bj\u00ed sm\u011brnici Evropsk\u00e9ho parlamentu a Rady (EU) 2016\/2102.<\/p>\n<p>Toto prohl\u00e1\u0161en\u00ed o p\u0159\u00edstupnosti se vztahuje na internetov\u00e9 str\u00e1nky ususi.cz.<\/p>\n<h2>Stav souladu<\/h2>\n<p>Tyto webov\u00e9 str\u00e1nky jsou \u010d\u00e1ste\u010dn\u011b v souladu se z\u00e1konem \u010d. 99\/2019 Sb., ve zn\u011bn\u00ed pozd\u011bj\u0161\u00edch p\u0159edpis\u016f, z d\u016fvodu nep\u0159im\u011b\u0159en\u00e9 z\u00e1t\u011b\u017ee nebo v\u00fdjimek uveden\u00fdch n\u00ed\u017ee.<\/p>\n<h2>Nep\u0159\u00edstupn\u00fd obsah<\/h2>\n<p>N\u00ed\u017ee uveden\u00fd obsah nen\u00ed p\u0159\u00edstupn\u00fd:<\/p>\n<p>a) z d\u016fvodu nep\u0159im\u011b\u0159en\u00e9 z\u00e1t\u011b\u017ee;<\/p>\n<ul>\n<li>Odkazy na n\u011bkter\u00fdch n\u00e1hledov\u00fdch fotografi\u00edch ve fotogaleri\u00edch (zve\u0159ejn\u011bn\u00fdch p\u0159ed 1.9.2020) nemaj\u00ed textov\u00fd popis, obr\u00e1zky nemaj\u00ed uveden\u00fd alternativn\u00ed textov\u00fd popis (krit\u00e9ria 1.1.1 a 2.4.4 standardu WCAG 2.1). Uveden\u00ed tohoto nedostatku do souladu se z\u00e1konem a s pravidly p\u0159\u00edstupnosti by v tomto p\u0159\u00edpad\u011b bylo pro provozovatele finan\u010dn\u011b n\u00e1ro\u010dn\u00e9. Podle \u00a7 7 z\u00e1kona 99\/2019 Sb. toto nen\u00ed dodate\u010dn\u011b upravov\u00e1no. Od 1.9.2020 by v\u0161echny fotografie zve\u0159ejn\u011bn\u00e9 na webu m\u011bly m\u00edt uveden\u00fd alternativn\u00ed text.<\/li>\n<li>N\u011bkter\u00e9 dokumenty uve\u0159ejn\u011bn\u00e9 na webu ve form\u00e1tu PDF neobsahuj\u00ed textovou vrstvu (strojov\u011b \u010ditelnou vrstvu), jsou tedy k dispozici pouze v obrazov\u00e9m form\u00e1tu. Jedn\u00e1 se bu\u010f o dokumenty zve\u0159ejn\u011bn\u00e9 p\u0159ed 1.9.2020 nebo o dokumenty, kter\u00e9 byly doru\u010deny \u00fa\u0159adu v listinn\u00e9 podob\u011b od t\u0159et\u00edch stran a jejich plnohodnotn\u00e1 elektronizace nen\u00ed v\u017edy mo\u017en\u00e1. V z\u00e1jmu p\u0159\u00edstupnosti je v\u0161ak mno\u017estv\u00ed takov\u00fdch dokument\u016f omezov\u00e1no na nejni\u017e\u0161\u00ed mo\u017enou m\u00edru. V p\u0159\u00edpad\u011b pot\u0159eby kontaktujte <a href=\"mailto:ususi@volny.cz\">obecn\u00ed \u00fa\u0159ad<\/a>, dot\u010den\u00fd dokument V\u00e1m bude poskytnut.<\/li>\n<\/ul>\n<p>b) jeliko\u017e nespad\u00e1 do oblasti p\u016fsobnosti platn\u00fdch pr\u00e1vn\u00edch p\u0159edpis\u016f;<\/p>\n<ul>\n<li>Videa na internetov\u00fdch str\u00e1nk\u00e1ch neobsahuj\u00ed ani titulky ani audio popis \u010di alternativu (krit\u00e9ria 1.2.1 a 1.2.2 standardu WCAG 2.1), na z\u00e1klad\u011b v\u00fdjimky podle \u00a7 13 odstavce 4 z\u00e1kona \u010d. 99\/2019 Sb.<\/li>\n<\/ul>\n<h2>Vypracov\u00e1n\u00ed tohoto prohl\u00e1\u0161en\u00ed o p\u0159\u00edstupnosti<\/h2>\n<p>Datum posledn\u00ed aktualizace: 27.11.2020<\/p>\n<p>Prohl\u00e1\u0161en\u00ed bylo vypracov\u00e1no posouzen\u00edm proveden\u00fdm t\u0159et\u00ed stranou &#8211; zpracovatelem t\u011bchto internetov\u00fdch str\u00e1nek Mgr. Michaelou Vrankovou.<\/p>\n<p>P\u0159i posuzov\u00e1n\u00ed se sledovala shoda s krit\u00e9rii uveden\u00fdmi v Metodick\u00e9m pokynu k z\u00e1konu \u010d. 99\/2019 Sb., ve zn\u011bn\u00ed pozd\u011bj\u0161\u00edch p\u0159edpis\u016f a standardu Web Content Accessibility Guidelines \u2013 WCAG 2.1.<\/p>\n<h2>Zp\u011btn\u00e1 vazba a kontaktn\u00ed \u00fadaje<\/h2>\n<p>Va\u0161e n\u00e1m\u011bty \u010di informace o probl\u00e9mech p\u0159i zobrazov\u00e1n\u00ed str\u00e1nek, stejn\u011b jako dotazy, n\u00e1vrhy nebo p\u0159ipom\u00ednky t\u00fdkaj\u00edc\u00ed se obsahu webu \u010di d\u016fvodn\u00e9ho podez\u0159en\u00ed, \u017ee webov\u00e1 str\u00e1nka nespl\u0148uje po\u017eadavky z\u00e1kona \u010d. 99\/2019 Sb., ve zn\u011bn\u00ed pozd\u011bj\u0161\u00edch p\u0159edpis\u016f, v\u010detn\u011b mo\u017enosti podat podn\u011bt v\u016f\u010di p\u0159\u00edslu\u0161n\u00fdm st\u00e1tn\u00edm org\u00e1n\u016fm, m\u016f\u017eete ps\u00e1t na adresu: <a href=\"mailto:admin@vrankova.cz\">admin@vrankova.cz<\/a><\/p>\n<p>Kontakt na osobu odpov\u011bdnou za p\u0159\u00edstupnost str\u00e1nek a za zpracov\u00e1n\u00ed \u017e\u00e1dost\u00ed zaslan\u00fdch prost\u0159ednictv\u00edm mechanismu zp\u011btn\u00e9 vazby:<\/p>\n<p><strong>Obecn\u00ed \u00fa\u0159ad \u00dasu\u0161\u00ed<\/strong><\/p>\n<p>\u00dasu\u0161\u00ed 3, 666 01 Ti\u0161nov<\/p>\n<p>email:\u00a0<a href=\"mailto:ususi@volny.cz\">ususi@volny.cz<\/a><\/p>\n<h2>Postupy pro prosazov\u00e1n\u00ed pr\u00e1va<\/h2>\n<p>V p\u0159\u00edpad\u011b neuspokojiv\u00e9 odpov\u011bdi na zp\u011btnou vazbu dle p\u0159edchoz\u00edho odstavce, m\u016f\u017eete kontaktovat p\u0159\u00edslu\u0161n\u00fd org\u00e1n pro prosazov\u00e1n\u00ed pr\u00e1va:<\/p>\n<p><strong>Ministerstvo vnitra,\u00a0odbor eGovernmentu<\/strong><\/p>\n<p>n\u00e1m\u011bst\u00ed Hrdin\u016f 1634\/3, 140 21 Praha 4<\/p>\n<p>email: <a href=\"mailto:pristupnost@mvcr.cz\">pristupnost@mvcr.cz<\/a><\/p>\n<\/div>\n","protected":false},"excerpt":{"rendered":"<p>Obec \u00dasu\u0161\u00ed se zavazuje ke zp\u0159\u00edstupn\u011bn\u00ed obsahu sv\u00fdch internetov\u00fdch str\u00e1nek v souladu se z\u00e1konem \u010d. 99\/2019 Sb., o p\u0159\u00edstupnosti internetov\u00fdch str\u00e1nek a mobiln\u00edch aplikac\u00ed a o zm\u011bn\u011b z\u00e1kona \u010d. 365\/2000 Sb., o informa\u010dn\u00edch syst\u00e9mech ve\u0159ejn\u00e9 spr\u00e1vy a o zm\u011bn\u011b n\u011bkter\u00fdch<a class=\"read-more\" href=\"https:\/\/ususi.vrankova-devel.cz\/subdom\/ususi\/prohlaseni-o-pristupnosti\/\">&#8230;&nbsp;\u010d\u00edst v\u00edce<\/a><\/p>\n","protected":false},"author":1,"featured_media":0,"parent":0,"menu_order":0,"comment_status":"closed","ping_status":"closed","template":"","meta":{"footnotes":""},"class_list":["post-40","page","type-page","status-publish","hentry"],"_links":{"self":[{"href":"https:\/\/ususi.vrankova-devel.cz\/subdom\/ususi\/wp-json\/wp\/v2\/pages\/40"}],"collection":[{"href":"https:\/\/ususi.vrankova-devel.cz\/subdom\/ususi\/wp-json\/wp\/v2\/pages"}],"about":[{"href":"https:\/\/ususi.vrankova-devel.cz\/subdom\/ususi\/wp-json\/wp\/v2\/types\/page"}],"author":[{"embeddable":true,"href":"https:\/\/ususi.vrankova-devel.cz\/subdom\/ususi\/wp-json\/wp\/v2\/users\/1"}],"replies":[{"embeddable":true,"href":"https:\/\/ususi.vrankova-devel.cz\/subdom\/ususi\/wp-json\/wp\/v2\/comments?post=40"}],"version-history":[{"count":15,"href":"https:\/\/ususi.vrankova-devel.cz\/subdom\/ususi\/wp-json\/wp\/v2\/pages\/40\/revisions"}],"predecessor-version":[{"id":1673,"href":"https:\/\/ususi.vrankova-devel.cz\/subdom\/ususi\/wp-json\/wp\/v2\/pages\/40\/revisions\/1673"}],"wp:attachment":[{"href":"https:\/\/ususi.vrankova-devel.cz\/subdom\/ususi\/wp-json\/wp\/v2\/media?parent=40"}],"curies":[{"name":"wp","href":"https:\/\/api.w.org\/{rel}","templated":true}]}}