{"id":6,"date":"2016-06-06T22:58:17","date_gmt":"2016-06-06T21:58:17","guid":{"rendered":"http:\/\/ususi.vrankova-devel.cz\/subdom\/ususi\/?page_id=6"},"modified":"2017-03-29T10:00:40","modified_gmt":"2017-03-29T09:00:40","slug":"o-obci","status":"publish","type":"page","link":"https:\/\/ususi.vrankova-devel.cz\/subdom\/ususi\/o-obci\/","title":{"rendered":"O obci"},"content":{"rendered":"<p>Obec \u00dasu\u0161\u00ed se skl\u00e1d\u00e1 ze dvou \u010d\u00e1st\u00ed: \u010d\u00e1st obce \u00dasu\u0161\u00ed a \u010d\u00e1st obce \u010c\u00ed\u017eky.<img loading=\"lazy\" decoding=\"async\" class=\"size-full wp-image-30 alignright\" src=\"http:\/\/ususi.vrankova-devel.cz\/subdom\/ususi\/wp-content\/uploads\/2016\/06\/mapa_cr.png\" alt=\"mapa_cr\" width=\"250\" height=\"156\" \/><\/p>\n<p><strong>\u00dasu\u0161\u00ed<\/strong> &#8211;\u00a0 prvn\u00ed zm\u00ednky o obci jsou z\u00a0roku 1466, le\u017e\u00ed v\u00a0nadmo\u0159sk\u00e9 v\u00fd\u0161ce 444 m, kaple zasv\u011bcen\u00e1\u00a0 Nanebevzet\u00ed Panny Marie byla postavena v\u00a0roce 1882.<\/p>\n<p><strong>\u010c\u00ed\u017eky<\/strong> &#8211;\u00a0 prvn\u00ed zm\u00ednky o obci jsou z\u00a0roku 1299, le\u017e\u00ed v\u00a0nadmo\u0159sk\u00e9 v\u00fd\u0161ce 395 m, Nov\u00e1\u00a0 kaple sv. Jana Nepomuck\u00e9ho byla postavena v\u00a0roce 1950.<\/p>\n<p>Obec pat\u0159ila k\u00a0panstv\u00ed debl\u00ednsk\u00e9mu\u00a0 a v\u00a0roce 1470 byla z\u00e1rove\u0148 s\u00a0Debl\u00ednem a p\u0159\u00edslu\u0161n\u00fdmi osadami prod\u00e1na m\u011bstu Brnu.<\/p>\n<h2>Statistick\u00e9 \u00fadaje<\/h2>\n<p>Rozloha katastru: 288 ha, z\u00a0toho k.\u00fa. \u00dasu\u0161\u00ed 132 ha,\u00a0 k.\u00fa. \u010c\u00ed\u017eky 156 ha<\/p>\n<p>M\u011bsto III. Stupn\u011b: <a title=\"M\u011bsto Ti\u0161nov [nov\u00e9 okno]\" href=\"http:\/\/www.tisnov.cz\/\" target=\"_blank\">M\u011bsto Ti\u0161nov<\/a><\/p>\n<p>Matrika: <a title=\"M\u011bstys Debl\u00edn [nov\u00e9 okno]\" href=\"http:\/\/www.deblin.cz\/\" target=\"_blank\">M\u011bstys Debl\u00edn<\/a><\/p>\n<p>Po\u010det obyvatel: do 150<\/p>\n<p>Plynofikace: ano<\/p>\n<p>Obecn\u00ed vodovod: v\u00a0\u010d\u00e1sti \u00dasu\u0161\u00ed,\u00a0 pl\u00e1novan\u00e1 v\u00fdstavba v\u00a0\u010d\u00e1sti \u010c\u00ed\u017eky<\/p>\n<p>Kanalizace: pl\u00e1novan\u00e1 v\u00fdstavba<\/p>\n<p>V\u010dela\u0159i: Ing. Hana \u0160olcov\u00e1, Ing. Radek \u0160olc, Tom\u00e1\u0161 Odehnal, Jan Va\u0161\u00edk<\/p>\n","protected":false},"excerpt":{"rendered":"<p>Obec \u00dasu\u0161\u00ed se skl\u00e1d\u00e1 ze dvou \u010d\u00e1st\u00ed: \u010d\u00e1st obce \u00dasu\u0161\u00ed a \u010d\u00e1st obce \u010c\u00ed\u017eky. \u00dasu\u0161\u00ed &#8211;\u00a0 prvn\u00ed zm\u00ednky o obci jsou z\u00a0roku 1466, le\u017e\u00ed v\u00a0nadmo\u0159sk\u00e9 v\u00fd\u0161ce 444 m, kaple zasv\u011bcen\u00e1\u00a0 Nanebevzet\u00ed Panny Marie byla postavena v\u00a0roce 1882. \u010c\u00ed\u017eky &#8211;\u00a0 prvn\u00ed<a class=\"read-more\" href=\"https:\/\/ususi.vrankova-devel.cz\/subdom\/ususi\/o-obci\/\">&#8230;&nbsp;\u010d\u00edst v\u00edce<\/a><\/p>\n","protected":false},"author":1,"featured_media":0,"parent":0,"menu_order":0,"comment_status":"closed","ping_status":"closed","template":"","meta":{"footnotes":""},"class_list":["post-6","page","type-page","status-publish","hentry"],"_links":{"self":[{"href":"https:\/\/ususi.vrankova-devel.cz\/subdom\/ususi\/wp-json\/wp\/v2\/pages\/6"}],"collection":[{"href":"https:\/\/ususi.vrankova-devel.cz\/subdom\/ususi\/wp-json\/wp\/v2\/pages"}],"about":[{"href":"https:\/\/ususi.vrankova-devel.cz\/subdom\/ususi\/wp-json\/wp\/v2\/types\/page"}],"author":[{"embeddable":true,"href":"https:\/\/ususi.vrankova-devel.cz\/subdom\/ususi\/wp-json\/wp\/v2\/users\/1"}],"replies":[{"embeddable":true,"href":"https:\/\/ususi.vrankova-devel.cz\/subdom\/ususi\/wp-json\/wp\/v2\/comments?post=6"}],"version-history":[{"count":0,"href":"https:\/\/ususi.vrankova-devel.cz\/subdom\/ususi\/wp-json\/wp\/v2\/pages\/6\/revisions"}],"wp:attachment":[{"href":"https:\/\/ususi.vrankova-devel.cz\/subdom\/ususi\/wp-json\/wp\/v2\/media?parent=6"}],"curies":[{"name":"wp","href":"https:\/\/api.w.org\/{rel}","templated":true}]}}