{"id":8,"date":"2016-06-06T22:58:56","date_gmt":"2016-06-06T21:58:56","guid":{"rendered":"http:\/\/ususi.vrankova-devel.cz\/subdom\/ususi\/?page_id=8"},"modified":"2021-07-15T10:05:17","modified_gmt":"2021-07-15T09:05:17","slug":"obecni-urad","status":"publish","type":"page","link":"https:\/\/ususi.vrankova-devel.cz\/subdom\/ususi\/obecni-urad\/","title":{"rendered":"Kontakty"},"content":{"rendered":"<h2>Obec \u00dasu\u0161\u00ed<\/h2>\n<p>\u00dasu\u0161\u00ed 3,\u00a0666 01 Ti\u0161nov<\/p>\n<p><strong>I\u010c:<\/strong> 00366005<\/p>\n<p><strong>DI\u010c:<\/strong> nejsme pl\u00e1tci DPH<\/p>\n<p><strong>tel.:<\/strong> <a href=\"tel:+420549430181\">549 430 181<\/a><\/p>\n<p><strong>mobil starosta:<\/strong> <a href=\"tel:+420724185239\">724 185 239<\/a><\/p>\n<p><strong>e-mail:<\/strong> <a href=\"mailto:ususi@volny.cz\">ususi@volny.cz<\/a><\/p>\n<p><strong>\u010d\u00edslo \u00fa\u010dtu:<\/strong> 29321641\/0100 KB Ti\u0161nov<\/p>\n<p><strong>datov\u00e1 schr\u00e1nka:<\/strong> h9pbkc7<\/p>\n<h2>pov\u011b\u0159enec GDPR<\/h2>\n<p><strong>DSO Ti\u0161novsko<\/strong>, Radni\u010dn\u00ed 14, 666 01 Ti\u0161nov<\/p>\n<p>kontaktn\u00ed osoba: <strong>Ing. David Lacina<\/strong>, tel.: <a href=\"tel:+420605851345\">605 851 345<\/a><\/p>\n","protected":false},"excerpt":{"rendered":"<p>Obec \u00dasu\u0161\u00ed \u00dasu\u0161\u00ed 3,\u00a0666 01 Ti\u0161nov I\u010c: 00366005 DI\u010c: nejsme pl\u00e1tci DPH tel.: 549 430 181 mobil starosta: 724 185 239 e-mail: ususi@volny.cz \u010d\u00edslo \u00fa\u010dtu: 29321641\/0100 KB Ti\u0161nov datov\u00e1 schr\u00e1nka: h9pbkc7 pov\u011b\u0159enec GDPR DSO Ti\u0161novsko, Radni\u010dn\u00ed 14, 666 01 Ti\u0161nov<a class=\"read-more\" href=\"https:\/\/ususi.vrankova-devel.cz\/subdom\/ususi\/obecni-urad\/\">&#8230;&nbsp;\u010d\u00edst v\u00edce<\/a><\/p>\n","protected":false},"author":1,"featured_media":0,"parent":0,"menu_order":0,"comment_status":"closed","ping_status":"closed","template":"","meta":{"footnotes":""},"class_list":["post-8","page","type-page","status-publish","hentry"],"_links":{"self":[{"href":"https:\/\/ususi.vrankova-devel.cz\/subdom\/ususi\/wp-json\/wp\/v2\/pages\/8"}],"collection":[{"href":"https:\/\/ususi.vrankova-devel.cz\/subdom\/ususi\/wp-json\/wp\/v2\/pages"}],"about":[{"href":"https:\/\/ususi.vrankova-devel.cz\/subdom\/ususi\/wp-json\/wp\/v2\/types\/page"}],"author":[{"embeddable":true,"href":"https:\/\/ususi.vrankova-devel.cz\/subdom\/ususi\/wp-json\/wp\/v2\/users\/1"}],"replies":[{"embeddable":true,"href":"https:\/\/ususi.vrankova-devel.cz\/subdom\/ususi\/wp-json\/wp\/v2\/comments?post=8"}],"version-history":[{"count":3,"href":"https:\/\/ususi.vrankova-devel.cz\/subdom\/ususi\/wp-json\/wp\/v2\/pages\/8\/revisions"}],"predecessor-version":[{"id":1529,"href":"https:\/\/ususi.vrankova-devel.cz\/subdom\/ususi\/wp-json\/wp\/v2\/pages\/8\/revisions\/1529"}],"wp:attachment":[{"href":"https:\/\/ususi.vrankova-devel.cz\/subdom\/ususi\/wp-json\/wp\/v2\/media?parent=8"}],"curies":[{"name":"wp","href":"https:\/\/api.w.org\/{rel}","templated":true}]}}